{"id":56,"date":"2021-11-03T09:46:47","date_gmt":"2021-11-03T08:46:47","guid":{"rendered":"http:\/\/www.olfaktorium.at\/enter\/?page_id=56"},"modified":"2025-07-18T10:35:50","modified_gmt":"2025-07-18T08:35:50","slug":"partner","status":"publish","type":"page","link":"https:\/\/www.olfaktorium.at\/enter\/partner\/","title":{"rendered":"Partner"},"content":{"rendered":"<p><strong>\u00c4therische \u00d6le<\/strong><\/p>\n<p>Es gibt viele Unternehmen, die \u00e4therische \u00d6le anbieten. Ich w\u00e4hle Anbieter bewusst aus, die nachweislich qualitativ hochwertige Produkte anbieten.<br \/>\nIn meinen Workshops verwende ich bevorzugt, aber nicht ausschlie\u00dflich Produkte der \u00f6sterreichischen Firma  <a href=\"https:\/\/shop.feeling.at\/#613\" target=\"_blank\" rel=\"noopener\">feeling -Zauber der D\u00fcfte<\/a> (Affiliate link).<\/p>\n<p>&nbsp;<\/p>\n","protected":false},"excerpt":{"rendered":"<p>\u00c4therische \u00d6le Es gibt viele Unternehmen, die \u00e4therische \u00d6le anbieten. Ich w\u00e4hle Anbieter bewusst aus, die nachweislich qualitativ hochwertige Produkte anbieten. In meinen Workshops verwende ich bevorzugt, aber nicht ausschlie\u00dflich Produkte der \u00f6sterreichischen Firma feeling -Zauber der D\u00fcfte (Affiliate link). &nbsp;<\/p>\n","protected":false},"author":1,"featured_media":0,"parent":0,"menu_order":0,"comment_status":"closed","ping_status":"closed","template":"","meta":{"inline_featured_image":false,"footnotes":""},"class_list":["post-56","page","type-page","status-publish","hentry"],"_links":{"self":[{"href":"https:\/\/www.olfaktorium.at\/enter\/wp-json\/wp\/v2\/pages\/56","targetHints":{"allow":["GET"]}}],"collection":[{"href":"https:\/\/www.olfaktorium.at\/enter\/wp-json\/wp\/v2\/pages"}],"about":[{"href":"https:\/\/www.olfaktorium.at\/enter\/wp-json\/wp\/v2\/types\/page"}],"author":[{"embeddable":true,"href":"https:\/\/www.olfaktorium.at\/enter\/wp-json\/wp\/v2\/users\/1"}],"replies":[{"embeddable":true,"href":"https:\/\/www.olfaktorium.at\/enter\/wp-json\/wp\/v2\/comments?post=56"}],"version-history":[{"count":17,"href":"https:\/\/www.olfaktorium.at\/enter\/wp-json\/wp\/v2\/pages\/56\/revisions"}],"predecessor-version":[{"id":58,"href":"https:\/\/www.olfaktorium.at\/enter\/wp-json\/wp\/v2\/pages\/56\/revisions\/58"}],"wp:attachment":[{"href":"https:\/\/www.olfaktorium.at\/enter\/wp-json\/wp\/v2\/media?parent=56"}],"curies":[{"name":"wp","href":"https:\/\/api.w.org\/{rel}","templated":true}]}}