{"id":54,"date":"2021-11-03T09:45:27","date_gmt":"2021-11-03T08:45:27","guid":{"rendered":"http:\/\/www.olfaktorium.at\/enter\/?page_id=54"},"modified":"2025-05-07T12:20:43","modified_gmt":"2025-05-07T10:20:43","slug":"workshops-und-webinare","status":"publish","type":"page","link":"https:\/\/www.olfaktorium.at\/enter\/workshops-und-webinare\/","title":{"rendered":"Angebote"},"content":{"rendered":"<p><strong>Betriebliche Gesundheitsvorsorge<\/strong><\/p>\n<p>D\u00fcfte beeinflussen uns mehr als wir meinen. Im Arbeitsalltag und zur Gesundheitsvorsorge gen\u00fcgt oft ein kleiner Duftimpuls. Sei es nach dem Mittagessen um wieder konzentriert arbeiten zu k\u00f6nnen oder bei schwierigen Besprechungen. <\/p>\n<p>Im Rahmen der Gesundheitsvorsorge gibt es von mir Kurzworkshops f\u00fcr Ihre Mitarbeiterinnen und Mitarbeiter.<\/p>\n<hr \/>\n<p><strong>Riechtraining\/ Riech- und Atemtraining<\/strong><\/p>\n<p>Den Geruchssinn kann man traininern. Das ist gar nicht so schwer und mit geeigneter Anleitung auch nach dem Workshop daheim durchf\u00fchrbar. Optional auch mit einem Atemtraining.<\/p>\n<p>Geeignet f\u00fcr Privatpersonen, aber auch f\u00fcr Unternehmen, die ihren Mitarbeitern im Rahmen der Gesundheitsvorsorge ein Atemtraining mit \u00c4therischen \u00d6len anbieten wollen.<\/p>\n<hr \/>\n<p><strong>Duftberatung<\/strong><\/p>\n<p>Ob Stress, f\u00fcr die Massage, oder Gesundheitsvorsorge, stellen Sie mir Fragen, die Sie zu \u00c4therischen \u00d6len haben! Ich berate Sie gerne!<\/p>\n<hr \/>\n<p><strong>Raumbeduftung<\/strong><\/p>\n<p>\u00c4therische \u00d6le k\u00f6nnen Stress mindern, die Konzentration f\u00f6rdern aber auch verkaufsf\u00f6rdernd sein. &#8211; F\u00fcr Ordinationen, f\u00fcr Gesch\u00e4fte, im B\u00fcro<\/p>\n<hr \/>\n<p><strong>Workshops &amp; Impulsvortr\u00e4ge <\/strong><\/p>\n<p>W\u00e4hlen Sie Ihr Thema! &#8211;\u00a0 z.B. Stress, Haut, Konzentration, Gesundheitsvorsorge &#8211; ich bereite f\u00fcr Sie allen wichtigen Informationen verst\u00e4ndlich auf. Riechproben inklusive! Gibts als kurzen Impulsvortrag oder Halbtagesworkshop.<\/p>\n<hr \/>\n<p>Sie wollen mehr wissen oder einen Vortrag oder Workshop buchen? <a href=\"https:\/\/www.olfaktorium.at\/enter\/kontakt\/\">Rufen Sie mich an, oder schreiben Sie mir ein Email!<\/a><\/p>\n","protected":false},"excerpt":{"rendered":"<p>Betriebliche Gesundheitsvorsorge D\u00fcfte beeinflussen uns mehr als wir meinen. Im Arbeitsalltag und zur Gesundheitsvorsorge gen\u00fcgt oft ein kleiner Duftimpuls. Sei es nach dem Mittagessen um wieder konzentriert arbeiten zu k\u00f6nnen oder bei schwierigen Besprechungen. Im Rahmen der Gesundheitsvorsorge gibt es von mir Kurzworkshops f\u00fcr Ihre Mitarbeiterinnen und Mitarbeiter. Riechtraining\/ Riech- und Atemtraining Den Geruchssinn kann &hellip; <\/p>\n<p class=\"link-more\"><a href=\"https:\/\/www.olfaktorium.at\/enter\/workshops-und-webinare\/\" class=\"more-link\"><span class=\"screen-reader-text\">\u201eAngebote\u201c<\/span> weiterlesen<\/a><\/p>\n","protected":false},"author":1,"featured_media":0,"parent":0,"menu_order":0,"comment_status":"closed","ping_status":"closed","template":"","meta":{"inline_featured_image":false,"footnotes":""},"class_list":["post-54","page","type-page","status-publish","hentry"],"_links":{"self":[{"href":"https:\/\/www.olfaktorium.at\/enter\/wp-json\/wp\/v2\/pages\/54","targetHints":{"allow":["GET"]}}],"collection":[{"href":"https:\/\/www.olfaktorium.at\/enter\/wp-json\/wp\/v2\/pages"}],"about":[{"href":"https:\/\/www.olfaktorium.at\/enter\/wp-json\/wp\/v2\/types\/page"}],"author":[{"embeddable":true,"href":"https:\/\/www.olfaktorium.at\/enter\/wp-json\/wp\/v2\/users\/1"}],"replies":[{"embeddable":true,"href":"https:\/\/www.olfaktorium.at\/enter\/wp-json\/wp\/v2\/comments?post=54"}],"version-history":[{"count":19,"href":"https:\/\/www.olfaktorium.at\/enter\/wp-json\/wp\/v2\/pages\/54\/revisions"}],"predecessor-version":[{"id":375,"href":"https:\/\/www.olfaktorium.at\/enter\/wp-json\/wp\/v2\/pages\/54\/revisions\/375"}],"wp:attachment":[{"href":"https:\/\/www.olfaktorium.at\/enter\/wp-json\/wp\/v2\/media?parent=54"}],"curies":[{"name":"wp","href":"https:\/\/api.w.org\/{rel}","templated":true}]}}