{"id":2,"date":"2021-10-12T17:02:31","date_gmt":"2021-10-12T15:02:31","guid":{"rendered":"http:\/\/www.olfaktorium.at\/enter\/?page_id=2"},"modified":"2025-02-07T14:36:00","modified_gmt":"2025-02-07T13:36:00","slug":"beispiel-seite","status":"publish","type":"page","link":"https:\/\/www.olfaktorium.at\/enter\/","title":{"rendered":"Willkommen!"},"content":{"rendered":"<p>Entdecke die Welt der \u00e4therischen \u00d6le!<strong><br \/>\n<\/strong><\/p>\n<p><img loading=\"lazy\" decoding=\"async\" class=\"alignnone size-full wp-image-214\" src=\"https:\/\/www.olfaktorium.at\/enter\/wp-content\/uploads\/2022\/08\/schmalLinie-PfingstroseIMG_5578-scaled.jpeg\" alt=\"\" width=\"2560\" height=\"41\" srcset=\"https:\/\/www.olfaktorium.at\/enter\/wp-content\/uploads\/2022\/08\/schmalLinie-PfingstroseIMG_5578-scaled.jpeg 2560w, https:\/\/www.olfaktorium.at\/enter\/wp-content\/uploads\/2022\/08\/schmalLinie-PfingstroseIMG_5578-300x5.jpeg 300w, https:\/\/www.olfaktorium.at\/enter\/wp-content\/uploads\/2022\/08\/schmalLinie-PfingstroseIMG_5578-1024x16.jpeg 1024w, https:\/\/www.olfaktorium.at\/enter\/wp-content\/uploads\/2022\/08\/schmalLinie-PfingstroseIMG_5578-768x12.jpeg 768w, https:\/\/www.olfaktorium.at\/enter\/wp-content\/uploads\/2022\/08\/schmalLinie-PfingstroseIMG_5578-1536x24.jpeg 1536w, https:\/\/www.olfaktorium.at\/enter\/wp-content\/uploads\/2022\/08\/schmalLinie-PfingstroseIMG_5578-2048x33.jpeg 2048w\" sizes=\"auto, (max-width: 767px) 89vw, (max-width: 1000px) 54vw, (max-width: 1071px) 543px, 580px\" \/><\/p>\n<p><a href=\"https:\/\/www.olfaktorium.at\/enter\/workshops-und-webinare\/\"><strong>Riechtraining &#8211; Duftberatung\u00a0 &#8211; Raumbeduftung<\/strong><\/a><\/p>\n<p><img loading=\"lazy\" decoding=\"async\" class=\"alignnone size-full wp-image-214\" src=\"https:\/\/www.olfaktorium.at\/enter\/wp-content\/uploads\/2022\/08\/schmalLinie-PfingstroseIMG_5578-scaled.jpeg\" alt=\"\" width=\"2560\" height=\"41\" srcset=\"https:\/\/www.olfaktorium.at\/enter\/wp-content\/uploads\/2022\/08\/schmalLinie-PfingstroseIMG_5578-scaled.jpeg 2560w, https:\/\/www.olfaktorium.at\/enter\/wp-content\/uploads\/2022\/08\/schmalLinie-PfingstroseIMG_5578-300x5.jpeg 300w, https:\/\/www.olfaktorium.at\/enter\/wp-content\/uploads\/2022\/08\/schmalLinie-PfingstroseIMG_5578-1024x16.jpeg 1024w, https:\/\/www.olfaktorium.at\/enter\/wp-content\/uploads\/2022\/08\/schmalLinie-PfingstroseIMG_5578-768x12.jpeg 768w, https:\/\/www.olfaktorium.at\/enter\/wp-content\/uploads\/2022\/08\/schmalLinie-PfingstroseIMG_5578-1536x24.jpeg 1536w, https:\/\/www.olfaktorium.at\/enter\/wp-content\/uploads\/2022\/08\/schmalLinie-PfingstroseIMG_5578-2048x33.jpeg 2048w\" sizes=\"auto, (max-width: 767px) 89vw, (max-width: 1000px) 54vw, (max-width: 1071px) 543px, 580px\" \/><\/p>\n<ul>\n<li>Gesundheitsf\u00f6derung<\/li>\n<li>zu Hause, in der Ordination, im Gesch\u00e4ft, im B\u00fcro<\/li>\n<li>k\u00f6rperliches und seelisches Wohlbefinden<\/li>\n<\/ul>\n<p><img loading=\"lazy\" decoding=\"async\" class=\"alignnone size-full wp-image-214\" src=\"https:\/\/www.olfaktorium.at\/enter\/wp-content\/uploads\/2022\/08\/schmalLinie-PfingstroseIMG_5578-scaled.jpeg\" alt=\"\" width=\"2560\" height=\"41\" srcset=\"https:\/\/www.olfaktorium.at\/enter\/wp-content\/uploads\/2022\/08\/schmalLinie-PfingstroseIMG_5578-scaled.jpeg 2560w, https:\/\/www.olfaktorium.at\/enter\/wp-content\/uploads\/2022\/08\/schmalLinie-PfingstroseIMG_5578-300x5.jpeg 300w, https:\/\/www.olfaktorium.at\/enter\/wp-content\/uploads\/2022\/08\/schmalLinie-PfingstroseIMG_5578-1024x16.jpeg 1024w, https:\/\/www.olfaktorium.at\/enter\/wp-content\/uploads\/2022\/08\/schmalLinie-PfingstroseIMG_5578-768x12.jpeg 768w, https:\/\/www.olfaktorium.at\/enter\/wp-content\/uploads\/2022\/08\/schmalLinie-PfingstroseIMG_5578-1536x24.jpeg 1536w, https:\/\/www.olfaktorium.at\/enter\/wp-content\/uploads\/2022\/08\/schmalLinie-PfingstroseIMG_5578-2048x33.jpeg 2048w\" sizes=\"auto, (max-width: 767px) 89vw, (max-width: 1000px) 54vw, (max-width: 1071px) 543px, 580px\" \/><\/p>\n<p>&nbsp;<\/p>\n<p>&nbsp;<\/p>\n","protected":false},"excerpt":{"rendered":"<p>Entdecke die Welt der \u00e4therischen \u00d6le! Riechtraining &#8211; Duftberatung\u00a0 &#8211; Raumbeduftung Gesundheitsf\u00f6derung zu Hause, in der Ordination, im Gesch\u00e4ft, im B\u00fcro k\u00f6rperliches und seelisches Wohlbefinden &nbsp; &nbsp;<\/p>\n","protected":false},"author":1,"featured_media":0,"parent":0,"menu_order":0,"comment_status":"closed","ping_status":"open","template":"","meta":{"inline_featured_image":false,"footnotes":""},"class_list":["post-2","page","type-page","status-publish","hentry"],"_links":{"self":[{"href":"https:\/\/www.olfaktorium.at\/enter\/wp-json\/wp\/v2\/pages\/2","targetHints":{"allow":["GET"]}}],"collection":[{"href":"https:\/\/www.olfaktorium.at\/enter\/wp-json\/wp\/v2\/pages"}],"about":[{"href":"https:\/\/www.olfaktorium.at\/enter\/wp-json\/wp\/v2\/types\/page"}],"author":[{"embeddable":true,"href":"https:\/\/www.olfaktorium.at\/enter\/wp-json\/wp\/v2\/users\/1"}],"replies":[{"embeddable":true,"href":"https:\/\/www.olfaktorium.at\/enter\/wp-json\/wp\/v2\/comments?post=2"}],"version-history":[{"count":37,"href":"https:\/\/www.olfaktorium.at\/enter\/wp-json\/wp\/v2\/pages\/2\/revisions"}],"predecessor-version":[{"id":360,"href":"https:\/\/www.olfaktorium.at\/enter\/wp-json\/wp\/v2\/pages\/2\/revisions\/360"}],"wp:attachment":[{"href":"https:\/\/www.olfaktorium.at\/enter\/wp-json\/wp\/v2\/media?parent=2"}],"curies":[{"name":"wp","href":"https:\/\/api.w.org\/{rel}","templated":true}]}}